{"id":1219,"date":"2021-10-08T09:17:33","date_gmt":"2021-10-08T07:17:33","guid":{"rendered":"https:\/\/scalingsmart.com\/?page_id=1219"},"modified":"2026-04-21T12:17:45","modified_gmt":"2026-04-21T10:17:45","slug":"mentions-legales","status":"publish","type":"page","link":"https:\/\/scalingsmart.com\/fr\/mentions-legales\/","title":{"rendered":"Mentions l\u00e9gales"},"content":{"rendered":"\n<div class=\"et_pb_section_0 et_pb_section et_pb_fullwidth_section et_section_regular et_block_section et_animated\" id=\"featured-area-home\"><section class=\"et_pb_fullwidth_header_0 et_pb_fullwidth_header et_pb_bg_layout_dark et_pb_text_align_center et_pb_module et_flex_module\" id=\"entete-centre\"><div class=\"et_pb_fullwidth_header_container center\"><div class=\"header-content-container center\"><div class=\"header-content et_flex_module\"><h1 class=\"et_pb_module_header\">Mentions l\u00e9gales<\/h1><div class=\"et_pb_header_button_wrapper\"><\/div><\/div><\/div><\/div><div class=\"et_pb_fullwidth_header_overlay\"><\/div><div class=\"et_pb_fullwidth_header_scroll\"><\/div><\/section><\/div><div class=\"et_pb_section_1 et_pb_section et_section_regular et_block_section\"><div class=\"et_pb_row_0 et_pb_row et_block_row\"><div class=\"et_pb_column_0 et_pb_column et_pb_column_4_4 et-last-child et_block_column et_pb_css_mix_blend_mode_passthrough\"><div class=\"et_pb_text_0 et_pb_text et_pb_bg_layout_light et_pb_module et_block_module\"><div class=\"et_pb_text_inner\"><p>L\u2019adresse de notre site Web est\u00a0: <a href=\"http:\/\/localhost\/monsitelocalhost\" target=\"_blank\" rel=\"noopener\">http:\/\/scalingsmart.com<\/a>.<\/p>\n<h2><strong>\u00c9diteur<\/strong><\/h2>\n<p>SCALING SMART SASU, au capital de 1000 \u20ac, dont le si\u00e8ge social est situ\u00e9 au 43 Rue Jules Ferry, 92400 Courbevoie, France. Immatricul\u00e9e au Registre du Commerce et des Soci\u00e9t\u00e9s de Nanterre sous le num\u00e9ro 883 092 363.<\/p>\n<p>SCALING SMART DMCC, with a share capital of AED 50,000, whose registered office is located at - Unit No: 957, DMCC Business Center, Level No 1, Jewellery &amp; Gemplex 3, Dubai, United Arab Emirates.<\/p>\n<p>SARL SCALING SMART DZ, with a capital of 10 000 DA, whose head office is located at 19 Rue Cirta, Ilot 034, Section 027, Local No 02, Hydra, Algiers, Algeria\u00a0<\/p>\n<p>Pour nous contacter :<a href=\"\/?page_id=66\"> Contactez-nous | Scaling Smart<\/a><\/p>\n<h2><strong>Directeur de la publication<\/strong><\/h2>\n<p>Monsieur Mohamed Mahdi BENAISSA, Pr\u00e9sident Scaling Smart<\/p>\n<h2><strong>Web Designer<\/strong><\/h2>\n<p><a href=\"https:\/\/www.judithlabaila.com\" target=\"_blank\" rel=\"noopener\">Judith Labaila<\/a><\/p>\n<h2><strong>H\u00e9bergeur<\/strong><\/h2>\n<p>Hostinger International<\/p>\n<p>61 Lordou Vironos, Larnaca,<\/p>\n<p>CY, 6023 Chypre<\/p>\n<p><a href=\"https:\/\/www.hostinger.com\/\" target=\"_blank\" rel=\"noopener\">https:\/\/www.hostinger.com\/<\/a><\/p>\n<h2><strong>Liens hypertextes avec des sites tiers<\/strong><\/h2>\n<p>Ce site peut inclure des contenus int\u00e9gr\u00e9s (par exemple des vid\u00e9os, images, articles\u2026). Le contenu int\u00e9gr\u00e9 depuis d\u2019autres sites se comporte de la m\u00eame mani\u00e8re que si le visiteur se rendait sur cet autre site.<\/p>\n<p>Le contenu mis \u00e0 disposition sur ce site est fourni \u00e0 titre informatif. L'existence d'un lien de ce site vers un autre site ne constitue pas une validation de ce site ou de son contenu. Il appartient \u00e0 l'internaute d'utiliser ces informations avec discernement et esprit critique. La responsabilit\u00e9 de SCALING SMART ne saurait \u00eatre engag\u00e9e du fait des informations, opinions et recommandations formul\u00e9es par des tiers.<\/p>\n<h2><strong>Propri\u00e9t\u00e9 Intellectuelle<\/strong><\/h2>\n<p>Scaling Smart et\/ou ses partenaires sont les titulaires exclusifs de tous les droits de propri\u00e9t\u00e9 intellectuelle portant tant sur la structure que sur le contenu des sites <a href=\"http:\/\/localhost\/monsitelocalhost\" target=\"_blank\" rel=\"noopener\">www.scalingsmart.com<\/a>, <a href=\"http:\/\/www.scalingsmart.fr\" target=\"_blank\" rel=\"noopener\">www.scalingsmart.fr<\/a> et <a href=\"http:\/\/www.scalingsmart.eu\" target=\"_blank\" rel=\"noopener\">www.scalingsmart.eu<\/a> et ce dans le monde entier.<\/p>\n<p>Toute reproduction, repr\u00e9sentation, publication, transmission, ou plus g\u00e9n\u00e9ralement toute exploitation non autoris\u00e9e du Site et\/ou de ses \u00e9l\u00e9ments engage votre responsabilit\u00e9 et est susceptible d'entra\u00eener des poursuites judiciaires, notamment pour contrefa\u00e7on.<\/p>\n<\/div><\/div><\/div><\/div><\/div>\n","protected":false},"excerpt":{"rendered":"","protected":false},"author":1,"featured_media":0,"parent":0,"menu_order":0,"comment_status":"closed","ping_status":"closed","template":"","meta":{"footnotes":""},"class_list":["post-1219","page","type-page","status-publish","hentry"],"_links":{"self":[{"href":"https:\/\/scalingsmart.com\/fr\/wp-json\/wp\/v2\/pages\/1219","targetHints":{"allow":["GET"]}}],"collection":[{"href":"https:\/\/scalingsmart.com\/fr\/wp-json\/wp\/v2\/pages"}],"about":[{"href":"https:\/\/scalingsmart.com\/fr\/wp-json\/wp\/v2\/types\/page"}],"author":[{"embeddable":true,"href":"https:\/\/scalingsmart.com\/fr\/wp-json\/wp\/v2\/users\/1"}],"replies":[{"embeddable":true,"href":"https:\/\/scalingsmart.com\/fr\/wp-json\/wp\/v2\/comments?post=1219"}],"version-history":[{"count":14,"href":"https:\/\/scalingsmart.com\/fr\/wp-json\/wp\/v2\/pages\/1219\/revisions"}],"predecessor-version":[{"id":2355,"href":"https:\/\/scalingsmart.com\/fr\/wp-json\/wp\/v2\/pages\/1219\/revisions\/2355"}],"wp:attachment":[{"href":"https:\/\/scalingsmart.com\/fr\/wp-json\/wp\/v2\/media?parent=1219"}],"curies":[{"name":"wp","href":"https:\/\/api.w.org\/{rel}","templated":true}]}}