{"id":65,"date":"2021-04-13T10:38:35","date_gmt":"2021-04-13T08:38:35","guid":{"rendered":"https:\/\/scalingsmart.com\/?page_id=65"},"modified":"2026-04-22T15:03:20","modified_gmt":"2026-04-22T13:03:20","slug":"entreprise","status":"publish","type":"page","link":"https:\/\/scalingsmart.com\/fr\/entreprise\/","title":{"rendered":"Entreprise"},"content":{"rendered":"<div class=\"et_pb_section_0 et_pb_section et_pb_fullwidth_section et_section_regular et_block_section et_animated\" id=\"featured-area-home\">\n<section class=\"et_pb_fullwidth_header_0 et_pb_fullwidth_header et_pb_bg_layout_dark et_pb_text_align_center et_pb_module et_flex_module\" id=\"entete-centre\"><div class=\"et_pb_fullwidth_header_container center\"><div class=\"header-content-container center\"><div class=\"header-content et_flex_module\"><h1 class=\"et_pb_module_header\">Bienvenue chez Scaling Smart<\/h1><span class=\"et_pb_fullwidth_header_subhead\">Experts et passionn\u00e9s, nos talents b\u00e2tissent vos solutions de demain<\/span><div class=\"et_pb_header_button_wrapper\"><a class=\"et_pb_button et_pb_more_button et_pb_button_one\" href=\"https:\/\/scalingsmart.com\/fr\/consultation-gratuite\/\">Discutons de votre projet<\/a><\/div><\/div><\/div><\/div><div class=\"et_pb_fullwidth_header_overlay\"><\/div><div class=\"et_pb_fullwidth_header_scroll\"><\/div><\/section>\n<\/div>\n\n<div class=\"et_pb_section_1 et_pb_section et_section_regular et_block_section\">\n<div class=\"et_pb_row_0 et_pb_row et_block_row\">\n<div class=\"et_pb_column_0 et_pb_column et_pb_column_1_3 et_block_column et_pb_css_mix_blend_mode_passthrough\">\n<div class=\"et_pb_image_0 et_pb_image et_animated et_pb_module et_block_module\"><span class=\"et_pb_image_wrap\"><img loading=\"lazy\" decoding=\"async\" src=\"https:\/\/scalingsmart.com\/wp-content\/uploads\/2021\/04\/favicon.png\" width=\"512\" height=\"512\" srcset=\"https:\/\/scalingsmart.com\/wp-content\/uploads\/2021\/04\/favicon.png 512w, https:\/\/scalingsmart.com\/wp-content\/uploads\/2021\/04\/favicon-480x480.png 480w\" sizes=\"(min-width: 0px) and (max-width: 480px) 480px, (min-width: 481px) 512px, 100vw\" class=\"wp-image-29\" title=\"favicon\" \/><\/span><\/div>\n<\/div>\n\n<div class=\"et_pb_column_1 et_pb_column et_pb_column_2_3 et-last-child et_block_column et_pb_css_mix_blend_mode_passthrough\">\n<div class=\"et_pb_text_0 et_pb_text et_pb_bg_layout_light et_animated et_pb_module et_block_module titres-bleu\"><div class=\"et_pb_text_inner\"><h3>SCALING SMART<\/h3>\n<\/div><\/div>\n\n<div class=\"et_pb_text_1 et_pb_text et_pb_bg_layout_light et_animated et_pb_module et_block_module et_pb_text_align_center\"><div class=\"et_pb_text_inner\"><h2 style=\"font-size: 40px;\">En quelques mots...<\/h2>\n<\/div><\/div>\n\n<div class=\"et_pb_text_2 et_pb_text et_pb_bg_layout_light et_animated et_pb_module et_block_module et_pb_text_align_center\"><div class=\"et_pb_text_inner\"><p>Fond\u00e9e par deux anciens managers IT et business de grandes ESN, disposant d'une expertise Data reconnue et passionn\u00e9s par les nouvelles technologies, Scaling Smart est une soci\u00e9t\u00e9 sp\u00e9cialis\u00e9e dans le conseil, la conduite du changement et l'expertise autour de la Data. De la start-up aux soci\u00e9t\u00e9s d\u2019envergure internationale, nous accompagnons des clients de toutes tailles et de tous secteurs dans la conception et la mise en place de solutions sur-mesure, intelligentes et \u00e9volutives.<\/p>\n<p>Chez Scaling Smart, nous sommes passionn\u00e9s de technologie et nous en sommes toujours \u00e0 la pointe. Pourtant, il est dans notre ADN de ne pas consid\u00e9rer cette technologie comme une fin mais bien comme un moyen de donner vie aux projets que l'on imagine avec nos clients. Nos talents pilotent ces technologies avec un seul but : mener des actions qui transforment durablement et intelligemment votre entreprise.<\/p>\n<\/div><\/div>\n<\/div>\n<\/div>\n<\/div>\n\n<div class=\"et_pb_section_2 et_pb_section et_section_regular et_block_section\">\n<div class=\"et_pb_row_1 et_pb_row et_pb_gutters2 et_block_row et_animated\">\n<div class=\"et_pb_column_2 et_pb_column et_pb_column_4_4 et-last-child et_block_column et_pb_css_mix_blend_mode_passthrough\">\n<div class=\"et_pb_text_3 et_pb_text et_pb_bg_layout_light et_pb_module et_block_module titres-bleu\"><div class=\"et_pb_text_inner\"><h3>SCALING SMART<\/h3>\n<\/div><\/div>\n\n<div class=\"et_pb_cta_0 et_pb_promo et_pb_bg_layout_light et_pb_module et_block_module\"><div class=\"et_pb_promo_description\"><h2 class=\"et_pb_module_header\">Nos valeurs<\/h2><\/div><\/div>\n<\/div>\n<\/div>\n\n<div class=\"et_pb_row_2 et_pb_row et_flex_row\">\n<div class=\"et_pb_column_3 et_pb_column et_flex_column et_pb_css_mix_blend_mode_passthrough et_flex_column_24_24 et_flex_column_24_24_tablet et_flex_column_24_24_phone\">\n<div class=\"et_pb_blurb_0 et_pb_blurb et_pb_bg_layout_light et_pb_text_align_center et_pb_blurb_position_top et_animated et_pb_module et_flex_module\"><div class=\"et_pb_blurb_content et_flex_module\"><div class=\"et_pb_main_blurb_image\"><span class=\"et_pb_image_wrap et_pb_only_image_mode_wrap\"><img loading=\"lazy\" decoding=\"async\" src=\"https:\/\/scalingsmart.com\/wp-content\/uploads\/2021\/10\/excellence.svg\" width=\"98\" height=\"96\" srcset=\"https:\/\/scalingsmart.com\/wp-content\/uploads\/2021\/10\/excellence.svg 98w\" class=\"et_animated wp-image-1604\" alt=\"Excellence\" \/><\/span><\/div><div class=\"et_pb_blurb_container\"><h4 class=\"et_pb_module_header\">Excellence<\/h4><div class=\"et_pb_blurb_description\"><p>Chez Scaling Smart, l'excellence est bien plus qu'une simple promesse, c'est un \u00e9tat d'esprit. Nous repoussons constamment nos limites pour offrir \u00e0 nos clients la meilleure exp\u00e9rience possible, tant sur la relation qui nous lie que dans l'expertise technologique que nous leur proposons.<\/p>\n<\/div><\/div><\/div><\/div>\n<\/div>\n\n<div class=\"et_pb_column_4 et_pb_column et_flex_column et_pb_css_mix_blend_mode_passthrough et_flex_column_24_24 et_flex_column_24_24_tablet et_flex_column_24_24_phone\">\n<div class=\"et_pb_blurb_1 et_pb_blurb et_pb_bg_layout_light et_pb_text_align_center et_pb_blurb_position_top et_animated et_pb_module et_flex_module\"><div class=\"et_pb_blurb_content et_flex_module\"><div class=\"et_pb_main_blurb_image\"><span class=\"et_pb_image_wrap et_pb_only_image_mode_wrap\"><img loading=\"lazy\" decoding=\"async\" src=\"https:\/\/scalingsmart.com\/wp-content\/uploads\/2021\/10\/Results-oriented.svg\" width=\"98\" height=\"96\" srcset=\"https:\/\/scalingsmart.com\/wp-content\/uploads\/2021\/10\/Results-oriented.svg 98w\" class=\"et_animated wp-image-1605\" alt=\"Results-oriented\" \/><\/span><\/div><div class=\"et_pb_blurb_container\"><h4 class=\"et_pb_module_header\">Results-oriented<\/h4><div class=\"et_pb_blurb_description\"><p>Tenir nos engagements pris aupr\u00e8s de chacun de nos clients fait partie de notre philosophie. Nous capitalisons sur notre expertise et notre exp\u00e9rience pour d\u00e9livrer des solutions Data qui boostent concr\u00e8tement les performances de nos clients et leurs apportent des r\u00e9sultats tangibles.<\/p>\n<\/div><\/div><\/div><\/div>\n<\/div>\n\n<div class=\"et_pb_column_5 et_pb_column et_flex_column et_pb_css_mix_blend_mode_passthrough et_flex_column_24_24 et_flex_column_24_24_tablet et_flex_column_24_24_phone\">\n<div class=\"et_pb_blurb_2 et_pb_blurb et_pb_bg_layout_light et_pb_text_align_center et_pb_blurb_position_top et_animated et_pb_module et_flex_module\"><div class=\"et_pb_blurb_content et_flex_module\"><div class=\"et_pb_main_blurb_image\"><span class=\"et_pb_image_wrap et_pb_only_image_mode_wrap\"><img loading=\"lazy\" decoding=\"async\" src=\"https:\/\/scalingsmart.com\/wp-content\/uploads\/2021\/10\/Abstraction.svg\" width=\"83\" height=\"84\" srcset=\"https:\/\/scalingsmart.com\/wp-content\/uploads\/2021\/10\/Abstraction.svg 83w\" class=\"et_animated wp-image-1510\" alt=\"\u00c9volutivit\u00e9\" \/><\/span><\/div><div class=\"et_pb_blurb_container\"><h4 class=\"et_pb_module_header\">\u00c9volutivit\u00e9<\/h4><div class=\"et_pb_blurb_description\"><p>L'environnement Data \u00e9volue sans cesse. Chez Scaling Smart, nous \u00e9voluons avec lui, et nos solutions aussi ! Nos collaborateurs sont en apprentissage permanent et passent r\u00e9guli\u00e8rement de nouvelles certifications pour offrir \u00e0 nos clients l'accompagnement le plus pointu possible et des solutions pens\u00e9es pour scaler et perdurer au rythme des \u00e9volutions de la Data.<\/p>\n<\/div><\/div><\/div><\/div>\n<\/div>\n\n<div class=\"et_pb_column_6 et_pb_column et-last-child et_flex_column et_pb_css_mix_blend_mode_passthrough et_flex_column_24_24 et_flex_column_24_24_tablet et_flex_column_24_24_phone\">\n<div class=\"et_pb_blurb_3 et_pb_blurb et_pb_bg_layout_light et_pb_text_align_center et_pb_blurb_position_top et_animated et_pb_module et_flex_module\"><div class=\"et_pb_blurb_content et_flex_module\"><div class=\"et_pb_main_blurb_image\"><span class=\"et_pb_image_wrap et_pb_only_image_mode_wrap\"><img loading=\"lazy\" decoding=\"async\" src=\"https:\/\/scalingsmart.com\/wp-content\/uploads\/2021\/10\/Eco-responsable.svg\" width=\"98\" height=\"96\" srcset=\"https:\/\/scalingsmart.com\/wp-content\/uploads\/2021\/10\/Eco-responsable.svg 98w\" class=\"et_animated wp-image-1606\" alt=\"\u00c9co-responsable\" \/><\/span><\/div><div class=\"et_pb_blurb_container\"><h4 class=\"et_pb_module_header\">\u00c9co-responsable<\/h4><div class=\"et_pb_blurb_description\"><p>Les solutions que nous mettons en place tout comme nos actions au quotidien s'inscrivent dans une d\u00e9marche responsable vis-\u00e0-vis de l'environnement. Sans gaspillage ni superflu, nous travaillons main dans la main avec nos collaborateurs et partenaires pour cr\u00e9er une entreprise vertueuse et bienveillante.<\/p>\n<\/div><\/div><\/div><\/div>\n<\/div>\n<\/div>\n<\/div>\n\n\n\n<div class=\"et_pb_section_4 et_pb_section et_section_regular et_block_section\">\n<div class=\"et_pb_row_4 et_pb_row et_flex_row\">\n<div class=\"et_pb_column_10 et_pb_column et_flex_column et_pb_css_mix_blend_mode_passthrough et_flex_column_12_24 et_flex_column_24_24_tablet et_flex_column_24_24_phone\">\n<div class=\"et_pb_group_0 et_pb_group et-last-child et_pb_module et_flex_group et_pb_css_mix_blend_mode_passthrough\">\n<div class=\"et_pb_heading_0 et_pb_heading et_pb_module et_flex_module\"><div class=\"et_pb_heading_container\"><h2 class=\"et_pb_module_header\"> Une question \u00e0 nous poser ? <\/h2><\/div><\/div>\n\n<div class=\"et_pb_text_4 et_pb_text et_pb_bg_layout_light et_pb_module et_flex_module\"><div class=\"et_pb_text_inner\"><p>Nous vous r\u00e9pondons sous 48h<\/p>\n<\/div><\/div>\n<\/div>\n<\/div>\n\n<div class=\"et_pb_column_11 et_pb_column et_flex_column et_pb_css_mix_blend_mode_passthrough et_flex_column_6_24 et_flex_column_12_24_tablet et_flex_column_24_24_phone\">\n<div class=\"et_pb_module et_pb_button_module_wrapper et_pb_button_0_wrapper\"><a class=\"et_pb_button_0 et_pb_button et_pb_bg_layout_light et_pb_module et_block_module bouton_contact_us\" href=\"https:\/\/scalingsmart.com\/fr\/consultation-gratuite\/\">Discutons de votre projet<\/a><\/div>\n<\/div>\n\n<div class=\"et_pb_column_12 et_pb_column et-last-child et_flex_column et_pb_css_mix_blend_mode_passthrough et_flex_column_6_24 et_flex_column_12_24_tablet et_flex_column_24_24_phone\">\n<div class=\"et_pb_module et_pb_button_module_wrapper et_pb_button_1_wrapper\"><a class=\"et_pb_button_1 et_pb_button et_pb_bg_layout_light et_pb_module et_block_module bouton_contact_us\" href=\"https:\/\/scalingsmart.com\/contact-us\/\">Nous contacter<\/a><\/div>\n<\/div>\n<\/div>\n<\/div>","protected":false},"excerpt":{"rendered":"","protected":false},"author":1,"featured_media":0,"parent":0,"menu_order":0,"comment_status":"closed","ping_status":"closed","template":"","meta":{"footnotes":""},"class_list":["post-65","page","type-page","status-publish","hentry"],"_links":{"self":[{"href":"https:\/\/scalingsmart.com\/fr\/wp-json\/wp\/v2\/pages\/65","targetHints":{"allow":["GET"]}}],"collection":[{"href":"https:\/\/scalingsmart.com\/fr\/wp-json\/wp\/v2\/pages"}],"about":[{"href":"https:\/\/scalingsmart.com\/fr\/wp-json\/wp\/v2\/types\/page"}],"author":[{"embeddable":true,"href":"https:\/\/scalingsmart.com\/fr\/wp-json\/wp\/v2\/users\/1"}],"replies":[{"embeddable":true,"href":"https:\/\/scalingsmart.com\/fr\/wp-json\/wp\/v2\/comments?post=65"}],"version-history":[{"count":41,"href":"https:\/\/scalingsmart.com\/fr\/wp-json\/wp\/v2\/pages\/65\/revisions"}],"predecessor-version":[{"id":2440,"href":"https:\/\/scalingsmart.com\/fr\/wp-json\/wp\/v2\/pages\/65\/revisions\/2440"}],"wp:attachment":[{"href":"https:\/\/scalingsmart.com\/fr\/wp-json\/wp\/v2\/media?parent=65"}],"curies":[{"name":"wp","href":"https:\/\/api.w.org\/{rel}","templated":true}]}}